{"id":326,"date":"2024-07-22T16:45:50","date_gmt":"2024-07-22T14:45:50","guid":{"rendered":"https:\/\/moteur.milkdigital.fr\/?page_id=326"},"modified":"2024-10-17T11:25:46","modified_gmt":"2024-10-17T09:25:46","slug":"terms-of-use","status":"publish","type":"page","link":"https:\/\/moteur.milkdigital.fr\/en\/terms-of-use\/","title":{"rendered":"Terms of use"},"content":{"rendered":"<h2>Identification :<\/h2>\n<p>Soci\u00e9t\u00e9 Moteur SAS<\/p>\n<p>Registered in the Tours Trade and Companies Register under number RCS 402 558 522 and with VAT number FR67 402 558 522.<\/p>\n<p>With share capital of \u20ac173,892<\/p>\n<p>Headquartered at Zone industrielle des Francs Fiefs, 37320, Truyes, France<\/p>\n<p>Represented by Mr Laurent Crespeau<\/p>\n<p>Telephone number: 02 47 76 18 35<\/p>\n<h2>Contact Publication director and data manager :<\/h2>\n<p>Name: Kevin TOUTAIN<\/p>\n<p>Address: Zone Industrielle des Francs Fiefs,37320, Truyes<\/p>\n<p>Email: k.toutain@moteur-incentive.com<\/p>\n<h2>Hosting is managed by the company EX2 Hosting :<\/h2>\n<p>Ex2 Hosting is registered in Quebec, Canada: NEQ 1168486467<br \/>\nHead office: Ex2, 700 cartier, Sept-\u00eeles (Qu\u00e9bec) G4R2V3, Canada<\/p>\n<p>Ex2 Hosting manages the moteur-inceintive.com server, which is hosted by OVH.<\/p>\n<p>NB: Article 6, I, 4\u00b0 of law 2004-575 of June 21, 2004 states:<br \/>\n\u201cThe fact, for any person, of presenting to the host of the site a content or an activity as being illicit with the aim of obtaining the withdrawal of it or of making cease the diffusion of it, whereas it knows this information inaccurate, is punished with a penalty of one year of imprisonment and 15 000 euros of fine.\u201d<\/p>\n<h2>Host contact : OVH<\/h2>\n<p>Name: OVH SAS au capital de 10 000 000 euros,<\/p>\n<p>Address 2 rue Kellermann &#8211; 59100 Roubaix &#8211; France<\/p>\n<p>Telephone 0899 193 775 (\u20ac1.35 per call, then \u20ac0.34\/min)<\/p>\n<h2>Liability :<\/h2>\n<p>The owner of the website assumes responsibility for the information provided and makes every effort to ensure that it is up to date and accurate. It reserves the right to modify the content at any time and without notice.<\/p>\n<p>All trademarks mentioned on this site belong to their respective companies. All products, logos and images quoted in this site belong to their respective brand.<\/p>\n<p>Processing of personal data<br \/>\nInformation obtained from the user&#8217;s registration on the site when placing an order will be kept confidential and will under no circumstances be divulged to a third party.<\/p>\n<h2>Hypertext links<\/h2>\n<p>MOTEUR SAS cannot be held responsible for the content of external websites linked to www.moteur-incentive.com. The establishment of a hypertext link to our site is free and does not require authorization.<\/p>\n","protected":false},"excerpt":{"rendered":"<p>Identification : Soci\u00e9t\u00e9 Moteur SAS Registered in the Tours Trade and Companies Register under number RCS 402 558 522 and with VAT number FR67 402 558 522. With share capital of \u20ac173,892 Headquartered at Zone industrielle des Francs Fiefs, 37320, Truyes, France Represented by Mr Laurent Crespeau Telephone number: 02 47 76 18 35 Contact [&hellip;]<\/p>\n","protected":false},"author":2,"featured_media":0,"parent":0,"menu_order":11,"comment_status":"closed","ping_status":"closed","template":"","meta":{"_acf_changed":false,"footnotes":""},"class_list":["post-326","page","type-page","status-publish","hentry"],"acf":[],"yoast_head":"<!-- This site is optimized with the Yoast SEO plugin v25.0 - https:\/\/yoast.com\/wordpress\/plugins\/seo\/ -->\n<title>Terms of use - Moteur Incentive<\/title>\n<meta name=\"robots\" content=\"noindex, follow, max-snippet:-1, max-image-preview:large, max-video-preview:-1\" \/>\n<meta property=\"og:locale\" content=\"en_US\" \/>\n<meta property=\"og:type\" content=\"article\" \/>\n<meta property=\"og:title\" content=\"Terms of use - Moteur Incentive\" \/>\n<meta property=\"og:description\" content=\"Identification : Soci\u00e9t\u00e9 Moteur SAS Registered in the Tours Trade and Companies Register under number RCS 402 558 522 and with VAT number FR67 402 558 522. With share capital of \u20ac173,892 Headquartered at Zone industrielle des Francs Fiefs, 37320, Truyes, France Represented by Mr Laurent Crespeau Telephone number: 02 47 76 18 35 Contact [&hellip;]\" \/>\n<meta property=\"og:url\" content=\"https:\/\/moteur.milkdigital.fr\/en\/terms-of-use\/\" \/>\n<meta property=\"og:site_name\" content=\"Moteur Incentive\" \/>\n<meta property=\"article:modified_time\" content=\"2024-10-17T09:25:46+00:00\" \/>\n<meta name=\"twitter:card\" content=\"summary_large_image\" \/>\n<meta name=\"twitter:label1\" content=\"Est. reading time\" \/>\n\t<meta name=\"twitter:data1\" content=\"2 minutes\" \/>\n<script type=\"application\/ld+json\" class=\"yoast-schema-graph\">{\"@context\":\"https:\/\/schema.org\",\"@graph\":[{\"@type\":\"WebPage\",\"@id\":\"https:\/\/moteur.milkdigital.fr\/en\/terms-of-use\/\",\"url\":\"https:\/\/moteur.milkdigital.fr\/en\/terms-of-use\/\",\"name\":\"Terms of use - Moteur Incentive\",\"isPartOf\":{\"@id\":\"https:\/\/moteur.milkdigital.fr\/en\/#website\"},\"datePublished\":\"2024-07-22T14:45:50+00:00\",\"dateModified\":\"2024-10-17T09:25:46+00:00\",\"breadcrumb\":{\"@id\":\"https:\/\/moteur.milkdigital.fr\/en\/terms-of-use\/#breadcrumb\"},\"inLanguage\":\"en-US\",\"potentialAction\":[{\"@type\":\"ReadAction\",\"target\":[\"https:\/\/moteur.milkdigital.fr\/en\/terms-of-use\/\"]}]},{\"@type\":\"BreadcrumbList\",\"@id\":\"https:\/\/moteur.milkdigital.fr\/en\/terms-of-use\/#breadcrumb\",\"itemListElement\":[{\"@type\":\"ListItem\",\"position\":1,\"name\":\"Accueil\",\"item\":\"https:\/\/moteur.milkdigital.fr\/en\/\"},{\"@type\":\"ListItem\",\"position\":2,\"name\":\"Terms of use\"}]},{\"@type\":\"WebSite\",\"@id\":\"https:\/\/moteur.milkdigital.fr\/en\/#website\",\"url\":\"https:\/\/moteur.milkdigital.fr\/en\/\",\"name\":\"Moteur Incentive\",\"description\":\"Expert en logistique \u00e9v\u00e9nementielle, r\u00e9gie technique et location de structures itin\u00e9rantes\",\"potentialAction\":[{\"@type\":\"SearchAction\",\"target\":{\"@type\":\"EntryPoint\",\"urlTemplate\":\"https:\/\/moteur.milkdigital.fr\/en\/?s={search_term_string}\"},\"query-input\":{\"@type\":\"PropertyValueSpecification\",\"valueRequired\":true,\"valueName\":\"search_term_string\"}}],\"inLanguage\":\"en-US\"}]}<\/script>\n<!-- \/ Yoast SEO plugin. -->","yoast_head_json":{"title":"Terms of use - Moteur Incentive","robots":{"index":"noindex","follow":"follow","max-snippet":"max-snippet:-1","max-image-preview":"max-image-preview:large","max-video-preview":"max-video-preview:-1"},"og_locale":"en_US","og_type":"article","og_title":"Terms of use - Moteur Incentive","og_description":"Identification : Soci\u00e9t\u00e9 Moteur SAS Registered in the Tours Trade and Companies Register under number RCS 402 558 522 and with VAT number FR67 402 558 522. With share capital of \u20ac173,892 Headquartered at Zone industrielle des Francs Fiefs, 37320, Truyes, France Represented by Mr Laurent Crespeau Telephone number: 02 47 76 18 35 Contact [&hellip;]","og_url":"https:\/\/moteur.milkdigital.fr\/en\/terms-of-use\/","og_site_name":"Moteur Incentive","article_modified_time":"2024-10-17T09:25:46+00:00","twitter_card":"summary_large_image","twitter_misc":{"Est. reading time":"2 minutes"},"schema":{"@context":"https:\/\/schema.org","@graph":[{"@type":"WebPage","@id":"https:\/\/moteur.milkdigital.fr\/en\/terms-of-use\/","url":"https:\/\/moteur.milkdigital.fr\/en\/terms-of-use\/","name":"Terms of use - Moteur Incentive","isPartOf":{"@id":"https:\/\/moteur.milkdigital.fr\/en\/#website"},"datePublished":"2024-07-22T14:45:50+00:00","dateModified":"2024-10-17T09:25:46+00:00","breadcrumb":{"@id":"https:\/\/moteur.milkdigital.fr\/en\/terms-of-use\/#breadcrumb"},"inLanguage":"en-US","potentialAction":[{"@type":"ReadAction","target":["https:\/\/moteur.milkdigital.fr\/en\/terms-of-use\/"]}]},{"@type":"BreadcrumbList","@id":"https:\/\/moteur.milkdigital.fr\/en\/terms-of-use\/#breadcrumb","itemListElement":[{"@type":"ListItem","position":1,"name":"Accueil","item":"https:\/\/moteur.milkdigital.fr\/en\/"},{"@type":"ListItem","position":2,"name":"Terms of use"}]},{"@type":"WebSite","@id":"https:\/\/moteur.milkdigital.fr\/en\/#website","url":"https:\/\/moteur.milkdigital.fr\/en\/","name":"Moteur Incentive","description":"Expert en logistique \u00e9v\u00e9nementielle, r\u00e9gie technique et location de structures itin\u00e9rantes","potentialAction":[{"@type":"SearchAction","target":{"@type":"EntryPoint","urlTemplate":"https:\/\/moteur.milkdigital.fr\/en\/?s={search_term_string}"},"query-input":{"@type":"PropertyValueSpecification","valueRequired":true,"valueName":"search_term_string"}}],"inLanguage":"en-US"}]}},"_links":{"self":[{"href":"https:\/\/moteur.milkdigital.fr\/en\/wp-json\/wp\/v2\/pages\/326","targetHints":{"allow":["GET"]}}],"collection":[{"href":"https:\/\/moteur.milkdigital.fr\/en\/wp-json\/wp\/v2\/pages"}],"about":[{"href":"https:\/\/moteur.milkdigital.fr\/en\/wp-json\/wp\/v2\/types\/page"}],"author":[{"embeddable":true,"href":"https:\/\/moteur.milkdigital.fr\/en\/wp-json\/wp\/v2\/users\/2"}],"replies":[{"embeddable":true,"href":"https:\/\/moteur.milkdigital.fr\/en\/wp-json\/wp\/v2\/comments?post=326"}],"version-history":[{"count":4,"href":"https:\/\/moteur.milkdigital.fr\/en\/wp-json\/wp\/v2\/pages\/326\/revisions"}],"predecessor-version":[{"id":330,"href":"https:\/\/moteur.milkdigital.fr\/en\/wp-json\/wp\/v2\/pages\/326\/revisions\/330"}],"wp:attachment":[{"href":"https:\/\/moteur.milkdigital.fr\/en\/wp-json\/wp\/v2\/media?parent=326"}],"curies":[{"name":"wp","href":"https:\/\/api.w.org\/{rel}","templated":true}]}}